{"id":44,"date":"2024-09-23T19:26:07","date_gmt":"2024-09-23T19:26:07","guid":{"rendered":"https:\/\/meiler-kuernach.de\/?page_id=44"},"modified":"2024-10-13T13:10:17","modified_gmt":"2024-10-13T11:10:17","slug":"quartett","status":"publish","type":"page","link":"https:\/\/meiler-kuernach.de\/","title":{"rendered":"LandingPage01"},"content":{"rendered":"\n<h1 class=\"wp-block-heading has-text-align-center has-background\" style=\"background-color:#ffffffc2\"><span style=\"color: var(--theme-palette-color-4, #192a3d);\" class=\"stk-highlight\">Caf\u00e9 Melange<\/span><\/h1>\n\n\n\n<p class=\"has-text-align-center\"><span style=\"color: var(--theme-palette-color-5, #e1e8ed);\" class=\"stk-highlight\"><strong><span style=\"color: var(--theme-palette-color-5, #e1e8ed);\" class=\"stk-highlight\"><\/span><\/strong><\/span><\/p>\n\n\n\n<p class=\"has-text-align-center has-palette-color-7-color has-text-color has-background has-link-color has-medium-font-size wp-elements-e2b2e9d444c714afefad1e3e97eb0405\" style=\"background-color:#ffffffc2\"><span style=\"color: var(--theme-palette-color-4, #192a3d);\" class=\"stk-highlight\">Willkommen im musikalischen Caf\u00e9 Melange! Hier servieren die vier Saxophon-Virtuosen von Sax4Elements ein Men\u00fc, das selbst den anspruchsvollsten Gaumen begeistert. Von romantischen Kl\u00e4ngen \u00fcber die spritzigen Rhythmen George Gershwins bis hin zu den coolen Vibes von Sting \u2013 unsere Musik ist wie ein perfekt gebr\u00fchter Kaffee in Barista-Qualit\u00e4t: aromatisch, vielf\u00e4ltig und immer ein Genuss! Lassen Sie sich von dieser klanglichen Kaffeekreation verf\u00fchren und genie\u00dfen Sie einen Abend voller musikalischer Leckerbissen!<\/span><\/p>\n\n\n\n<p class=\"has-text-align-center has-palette-color-7-color has-text-color has-background has-link-color has-medium-font-size wp-elements-8928e370d85feec1422382420f48aa0e\" style=\"background-color:#ffffffc2\"><span style=\"color: var(--theme-palette-color-4, #192a3d);\" class=\"stk-highlight\"><strong>Aktueller Termin<\/strong><br>01.12.2024<br>Alte Turnhalle Lohr<br>17:00<br>Eintritt frei, Spenden gerne gesehen<\/span><\/p>\n\n\n\n<p><\/p>\n\n\n\n<div class=\"wp-block-stackable-columns stk-block-columns stk-block stk-1de3a72\" data-block-id=\"1de3a72\"><div class=\"stk-row stk-inner-blocks stk-block-content stk-content-align stk-1de3a72-column\">\n<div class=\"wp-block-stackable-column stk-block-column stk-column stk-block stk-307f256\" data-v=\"4\" data-block-id=\"307f256\"><style>@media screen and (min-width: 768px){.stk-307f256 {flex:var(--stk-flex-grow, 1) 1 25% !important;}}<\/style><div class=\"stk-column-wrapper stk-block-column__content stk-container stk-307f256-container stk--no-background stk--no-padding\"><div class=\"stk-block-content stk-inner-blocks stk-307f256-inner-blocks\"><div class=\"oxi-addons-container   oxi-addons-flipbox-template-style1\">        <div class=\"oxilab-flip-box-wrapper\">\r\n                                <div class=\"oxilab-flip-box-col-1 oxilab-flip-box-padding-1\"\r\n                         sa-data-animation=\"\"\r\n                         sa-data-animation-offset=\"100%\"\r\n                         sa-data-animation-delay=\"0ms\"\r\n                         sa-data-animation-duration=\" 2000ms\"\r\n                         >\r\n                        <div class=\"  oxilab-flip-box-body-1 oxilab-flip-box-body-1-2\">\r\n                                                        <div class=\"oxilab-flip-box-body-absulote\">\r\n                                <div class=\"oxilab-flip-box-flip oxilab-flip-box-flip-left-to-right\">\r\n                                    <div class=\"oxilab-flip-box-style-data easing_easeInOutCirc\">\r\n                                        <div class=\"oxilab-flip-box-style\">\r\n                                            <div class=\"oxilab-flip-box-front\">\r\n                                                <div class=\"oxilab-flip-box-1\">\r\n                                                    <div class=\"oxilab-flip-box-1-data\">\r\n                                                        <div class=\"oxilab-flip-box-1-image\">\r\n                                                            <img decoding=\"async\" src=\"https:\/\/meiler-kuernach.de\/wp-content\/uploads\/2024\/10\/Blue-Moon1-scaled.jpg\" alt=\"\">\r\n\r\n                                                            <div class=\"oxilab-flip-box-1-image-icon\">\r\n                                                                        <i class=\" oxi-icons\"><\/i>\r\n                                                                    <\/div>\r\n                                                        <\/div>\r\n                                                        <div class=\"oxilab-flip-box-1-heading\">\r\n                                                            <div class=\"oxilab-flip-box-1-heading-data\">\r\n                                                                Anja                                                            <\/div>\r\n                                                        <\/div>\r\n                                                    <\/div>\r\n                                                <\/div>\r\n                                            <\/div>\r\n                                            <div class=\"oxilab-flip-box-back\">\r\n                                                <div class=\"oxilab-flip-box-back-1\">\r\n                                                    <div class=\"oxilab-flip-box-back-1-data\">\r\n                                                        <div class=\"oxilab-flip-box-back-1-file\">\r\n                                                            <div class=\"oxilab-info\">\r\n                                                                Hier k\u00f6nnte Ihre Werbung stehen!                                                            <\/div>\r\n                                                                                                                    <\/div>\r\n                                                    <\/div>\r\n                                                <\/div>\r\n                                            <\/div>\r\n                                        <\/div>\r\n                                    <\/div>\r\n                                <\/div>\r\n                            <\/div>\r\n                                                    <\/div>\r\n\r\n                                            <\/div>\r\n                    \r\n        <\/div>\r\n            <\/div>\n<\/div><\/div><\/div>\n\n\n\n<div class=\"wp-block-stackable-column stk-block-column stk-column stk-block stk-c39e375\" data-v=\"4\" data-block-id=\"c39e375\"><style>@media screen and (min-width: 768px){.stk-c39e375 {flex:var(--stk-flex-grow, 1) 1 25% !important;}}<\/style><div class=\"stk-column-wrapper stk-block-column__content stk-container stk-c39e375-container stk--no-background stk--no-padding\"><div class=\"stk-block-content stk-inner-blocks stk-c39e375-inner-blocks\"><\/div><\/div><\/div>\n\n\n\n<div class=\"wp-block-stackable-column stk-block-column stk-column stk-block stk-f12a738\" data-v=\"4\" data-block-id=\"f12a738\"><style>@media screen and (min-width: 768px){.stk-f12a738 {flex:var(--stk-flex-grow, 1) 1 25% !important;}}<\/style><div class=\"stk-column-wrapper stk-block-column__content stk-container stk-f12a738-container stk--no-background stk--no-padding\"><div class=\"stk-block-content stk-inner-blocks stk-f12a738-inner-blocks\"><\/div><\/div><\/div>\n\n\n\n<div class=\"wp-block-stackable-column stk-block-column stk-column stk-block stk-c9ac53f\" data-v=\"4\" data-block-id=\"c9ac53f\"><style>@media screen and (min-width: 768px){.stk-c9ac53f {flex:var(--stk-flex-grow, 1) 1 25% !important;}}<\/style><div class=\"stk-column-wrapper stk-block-column__content stk-container stk-c9ac53f-container stk--no-background stk--no-padding\"><div class=\"stk-block-content stk-inner-blocks stk-c9ac53f-inner-blocks\"><\/div><\/div><\/div>\n<\/div><\/div>\n\n\n\n<p>Okt 13<\/p>\n\n\n\n<p>10:00 \u2013 19:00 CEST<\/p>\n\n\n\n<p>Dez 1<\/p>\n\n\n\n<p><\/p>\n","protected":false},"excerpt":{"rendered":"<p>Caf\u00e9 Melange Willkommen im musikalischen Caf\u00e9 Melange! Hier servieren die vier Saxophon-Virtuosen von Sax4Elements ein Men\u00fc, das selbst den anspruchsvollsten Gaumen begeistert. Von romantischen Kl\u00e4ngen \u00fcber die spritzigen Rhythmen George [&hellip;]<\/p>\n","protected":false},"author":1,"featured_media":0,"parent":0,"menu_order":0,"comment_status":"closed","ping_status":"closed","template":"","meta":{"_EventAllDay":false,"_EventTimezone":"","_EventStartDate":"","_EventEndDate":"","_EventStartDateUTC":"","_EventEndDateUTC":"","_EventShowMap":false,"_EventShowMapLink":false,"_EventURL":"","_EventCost":"","_EventCostDescription":"","_EventCurrencySymbol":"","_EventCurrencyCode":"","_EventCurrencyPosition":"","_EventDateTimeSeparator":"","_EventTimeRangeSeparator":"","_EventOrganizerID":[],"_EventVenueID":[],"_OrganizerEmail":"","_OrganizerPhone":"","_OrganizerWebsite":"","_VenueAddress":"","_VenueCity":"","_VenueCountry":"","_VenueProvince":"","_VenueState":"","_VenueZip":"","_VenuePhone":"","_VenueURL":"","_VenueStateProvince":"","_VenueLat":"","_VenueLng":"","_VenueShowMap":false,"_VenueShowMapLink":false,"footnotes":""},"class_list":["post-44","page","type-page","status-publish","hentry"],"blocksy_meta":[],"_links":{"self":[{"href":"https:\/\/meiler-kuernach.de\/index.php\/wp-json\/wp\/v2\/pages\/44","targetHints":{"allow":["GET"]}}],"collection":[{"href":"https:\/\/meiler-kuernach.de\/index.php\/wp-json\/wp\/v2\/pages"}],"about":[{"href":"https:\/\/meiler-kuernach.de\/index.php\/wp-json\/wp\/v2\/types\/page"}],"author":[{"embeddable":true,"href":"https:\/\/meiler-kuernach.de\/index.php\/wp-json\/wp\/v2\/users\/1"}],"replies":[{"embeddable":true,"href":"https:\/\/meiler-kuernach.de\/index.php\/wp-json\/wp\/v2\/comments?post=44"}],"version-history":[{"count":25,"href":"https:\/\/meiler-kuernach.de\/index.php\/wp-json\/wp\/v2\/pages\/44\/revisions"}],"predecessor-version":[{"id":174,"href":"https:\/\/meiler-kuernach.de\/index.php\/wp-json\/wp\/v2\/pages\/44\/revisions\/174"}],"wp:attachment":[{"href":"https:\/\/meiler-kuernach.de\/index.php\/wp-json\/wp\/v2\/media?parent=44"}],"curies":[{"name":"wp","href":"https:\/\/api.w.org\/{rel}","templated":true}]}}